
{"id":428,"date":"2019-07-16T18:56:23","date_gmt":"2019-07-16T18:56:23","guid":{"rendered":"http:\/\/perandkens.com\/?page_id=428"},"modified":"2019-10-13T12:08:30","modified_gmt":"2019-10-13T12:08:30","slug":"9-paises-2019","status":"publish","type":"page","link":"https:\/\/perandkens.com\/?page_id=428","title":{"rendered":"9 Pa\u00edses 2019"},"content":{"rendered":"<div id=\"attachment_429\" style=\"width: 1034px\" class=\"wp-caption alignright\"><img decoding=\"async\" aria-describedby=\"caption-attachment-429\" class=\"wp-image-429 size-large lazyload\" data-src=\"http:\/\/perandkens.com\/wp-content\/uploads\/2019\/07\/DSC0169-1024x683.jpg\" alt=\"\" width=\"1024\" height=\"683\" data-srcset=\"https:\/\/perandkens.com\/wp-content\/uploads\/2019\/07\/DSC0169-1024x683.jpg 1024w, https:\/\/perandkens.com\/wp-content\/uploads\/2019\/07\/DSC0169-300x200.jpg 300w, https:\/\/perandkens.com\/wp-content\/uploads\/2019\/07\/DSC0169-768x512.jpg 768w, https:\/\/perandkens.com\/wp-content\/uploads\/2019\/07\/DSC0169-700x467.jpg 700w, https:\/\/perandkens.com\/wp-content\/uploads\/2019\/07\/DSC0169-1100x733.jpg 1100w, https:\/\/perandkens.com\/wp-content\/uploads\/2019\/07\/DSC0169.jpg 1200w\" data-sizes=\"(max-width: 1024px) 100vw, 1024px\" src=\"data:image\/svg+xml;base64,PHN2ZyB3aWR0aD0iMSIgaGVpZ2h0PSIxIiB4bWxucz0iaHR0cDovL3d3dy53My5vcmcvMjAwMC9zdmciPjwvc3ZnPg==\" style=\"--smush-placeholder-width: 1024px; --smush-placeholder-aspect-ratio: 1024\/683;\" \/><p id=\"caption-attachment-429\" class=\"wp-caption-text\"><strong>Glaciar de Bossons, Chamonix, Francia<\/strong><\/p><\/div>\n<p><strong><a href=\"http:\/\/perandkens.com\/?p=420\">Cap\u00edtulo 1 &#8211; La Preparaci\u00f3n<\/a><\/strong><\/p>\n<p><strong><a href=\"https:\/\/perandkens.com\/?p=433\">Cap\u00edtulo 2 &#8211; Huelva -Zaragoza<\/a><\/strong><\/p>\n<p><a href=\"https:\/\/perandkens.com\/?p=447\"><strong>Cap\u00edtulo 3 &#8211; Zaragoza &#8211; Carcasona<\/strong><\/a><\/p>\n<p><a href=\"https:\/\/perandkens.com\/?p=462\"><strong>Cap\u00edtulo 4 &#8211; Carcasona &#8211; Orange<\/strong><\/a><\/p>\n<p><a href=\"https:\/\/perandkens.com\/?p=487\"><strong>Cap\u00edtulo 5 &#8211; Orange &#8211; Sallanches<\/strong><\/a><\/p>\n<p><strong><a class=\"row-title\" href=\"https:\/\/perandkens.com\/?p=519\" aria-label=\"\u00abCap\u00edtulo 6 \u2013 Sallanches \u2013 Burgdorf\u00bb (Editar)\">Cap\u00edtulo 6 \u2013 Sallanches \u2013 Burgdorf<\/a><\/strong><\/p>\n<p><strong><a class=\"row-title\" href=\"https:\/\/perandkens.com\/?p=565\" aria-label=\"\u00abCap\u00edtulo 7 \u2013 Wyssachen \u2013 Friburgo\u00bb (Editar)\">Cap\u00edtulo 7 \u2013 Wyssachen \u2013 Friburgo<\/a><\/strong><\/p>\n<p><a href=\"https:\/\/perandkens.com\/?p=643\"><strong>Cap\u00edtulo 8 \u2013 Friburgo \u2013 Nehren<\/strong><\/a><\/p>\n<p><a href=\"https:\/\/perandkens.com\/?p=643\"><strong>Cap\u00edtulo 9 \u2013 Nehren \u2013 Nauders<\/strong><\/a><\/p>\n<p><a href=\"https:\/\/perandkens.com\/?p=676\"><strong>Cap\u00edtulo 10 \u2013 Nauders \u2013 Villagi<\/strong><\/a><\/p>\n<p><a href=\"https:\/\/perandkens.com\/?p=711\"><strong>Cap\u00edtulo 11 &#8211; Villagi &#8211; Niza<\/strong><\/a><\/p>\n<p><a href=\"https:\/\/perandkens.com\/?p=739\"><strong>Cap\u00edtulo 12 &#8211; Niza &#8211; B\u00e9ziers<\/strong><\/a><\/p>\n<p><a href=\"https:\/\/perandkens.com\/?p=771\"><strong>Cap\u00edtulo 13 &#8211; B\u00e9ziers &#8211; Vielha<\/strong><\/a><\/p>\n<p><a href=\"https:\/\/perandkens.com\/?p=796\"><strong>Cap\u00edtulo 14 &#8211; Vielha &#8211; Segovia<\/strong><\/a><\/p>\n<p><a href=\"https:\/\/perandkens.com\/?p=816\"><strong>Cap\u00edtulo 15 &#8211; Segovia &#8211; Plasencia<\/strong><\/a><\/p>\n<p><a href=\"https:\/\/perandkens.com\/?p=836\"><strong>Cap\u00edtulo 16 &#8211; Plasencia &#8211; Sevilla<\/strong><\/a><\/p>\n<p><a href=\"https:\/\/perandkens.com\/?p=858\"><strong>Cap\u00edtulo 17 &#8211; Sevilla &#8211; Huelva<\/strong><\/a><\/p>\n","protected":false},"excerpt":{"rendered":"<p>Cap\u00edtulo 1 &#8211; La Preparaci\u00f3n Cap\u00edtulo 2 &#8211; Huelva -Zaragoza Cap\u00edtulo 3 &#8211; Zaragoza &#8211; Carcasona Cap\u00edtulo 4 &#8211; Carcasona &#8211; Orange Cap\u00edtulo 5 &#8211; Orange &#8211; Sallanches Cap\u00edtulo 6 \u2013 Sallanches \u2013 Burgdorf Cap\u00edtulo 7 \u2013 Wyssachen \u2013 Friburgo Cap\u00edtulo 8 \u2013 Friburgo \u2013&#8230;<\/p>\n","protected":false},"author":1,"featured_media":0,"parent":209,"menu_order":0,"comment_status":"closed","ping_status":"closed","template":"","meta":{"footnotes":""},"class_list":["post-428","page","type-page","status-publish","hentry"],"_links":{"self":[{"href":"https:\/\/perandkens.com\/index.php?rest_route=\/wp\/v2\/pages\/428","targetHints":{"allow":["GET"]}}],"collection":[{"href":"https:\/\/perandkens.com\/index.php?rest_route=\/wp\/v2\/pages"}],"about":[{"href":"https:\/\/perandkens.com\/index.php?rest_route=\/wp\/v2\/types\/page"}],"author":[{"embeddable":true,"href":"https:\/\/perandkens.com\/index.php?rest_route=\/wp\/v2\/users\/1"}],"replies":[{"embeddable":true,"href":"https:\/\/perandkens.com\/index.php?rest_route=%2Fwp%2Fv2%2Fcomments&post=428"}],"version-history":[{"count":12,"href":"https:\/\/perandkens.com\/index.php?rest_route=\/wp\/v2\/pages\/428\/revisions"}],"predecessor-version":[{"id":877,"href":"https:\/\/perandkens.com\/index.php?rest_route=\/wp\/v2\/pages\/428\/revisions\/877"}],"up":[{"embeddable":true,"href":"https:\/\/perandkens.com\/index.php?rest_route=\/wp\/v2\/pages\/209"}],"wp:attachment":[{"href":"https:\/\/perandkens.com\/index.php?rest_route=%2Fwp%2Fv2%2Fmedia&parent=428"}],"curies":[{"name":"wp","href":"https:\/\/api.w.org\/{rel}","templated":true}]}}